{"id":40,"date":"2018-12-24T22:47:28","date_gmt":"2018-12-24T21:47:28","guid":{"rendered":"http:\/\/tradinoi.ch\/?page_id=40"},"modified":"2025-01-25T20:32:53","modified_gmt":"2025-01-25T19:32:53","slug":"ueber-uns","status":"publish","type":"page","link":"https:\/\/www.tradinoi.ch\/?page_id=40","title":{"rendered":"\u00dcber uns"},"content":{"rendered":"\n<h2 class=\"wp-block-heading has-text-align-center\">\u00dcber das Tradinoi<\/h2>\n\n\n<div class=\"wp-block-image\">\n<figure class=\"aligncenter size-large is-resized\"><img loading=\"lazy\" decoding=\"async\" width=\"1024\" height=\"768\" src=\"https:\/\/www.tradinoi.ch\/wp-content\/uploads\/2025\/01\/PHOTO-2024-08-08-00-20-11-1-1024x768.jpg\" alt=\"\" class=\"wp-image-491\" style=\"width:321px;height:213px\" srcset=\"https:\/\/www.tradinoi.ch\/wp-content\/uploads\/2025\/01\/PHOTO-2024-08-08-00-20-11-1-1024x768.jpg 1024w, https:\/\/www.tradinoi.ch\/wp-content\/uploads\/2025\/01\/PHOTO-2024-08-08-00-20-11-1-300x225.jpg 300w, https:\/\/www.tradinoi.ch\/wp-content\/uploads\/2025\/01\/PHOTO-2024-08-08-00-20-11-1-768x576.jpg 768w, https:\/\/www.tradinoi.ch\/wp-content\/uploads\/2025\/01\/PHOTO-2024-08-08-00-20-11-1-1536x1152.jpg 1536w, https:\/\/www.tradinoi.ch\/wp-content\/uploads\/2025\/01\/PHOTO-2024-08-08-00-20-11-1.jpg 1600w\" sizes=\"auto, (max-width: 1024px) 100vw, 1024px\" \/><figcaption class=\"wp-element-caption\">Urs Weber und sein Stammkoch Denis Lemut<\/figcaption><\/figure><\/div>\n\n\n<p>Im Fr\u00fchjahr 2013 wurde der Gewerberaum an der Scheunengasse 5 von Urs Weber, dem Mieter der obersten Wohnung, \u00fcbernommen. Er richtete darin ein Kulturlokal ein und gr\u00fcndete mit ein paar Freunden den Kulturverein Tradinoi mit dem Ziel, das kulturelle Leben im St\u00e4dtchen zu beleben und zu erg\u00e4nzen. <\/p>\n\n\n\n<p>Im September 2013 starteten wir mit einem Konzert des bekannten Zuger Jazzgitarristen Roberto Bossard und seither finden im Tradinoi j\u00e4hrlich 12 bis 15 Anl\u00e4sse statt, welche in der Regel aus einem Konzert (oft mit bekannten K\u00fcnstlern) und einem delikaten 4-Gang-Men\u00fc bestehen. <\/p>\n\n\n\n<p>Unterdessen hat der Verein ca 150 Mitglieder, das Lokal verf\u00fcgt \u00fcber ein Klavier und eine kleine Musikanlage und die meisten Arbeiten werden ehrenamtlich erledigt.<\/p>\n\n\n\n<p>Mit einen Newsletter informieren wir \u00fcber kommende Events und sonstige Neuigkeiten. <br>Vereinsmitglieder erhalten diesen als erste und profitieren zus\u00e4tzlich von einer kleinen Erm\u00e4ssigung auf den Eintrittspreis, welcher Konzert und Men\u00fc beinhaltet und sich zwischen CHF 80.- und CHF 100.- bewegt.<\/p>\n\n\n\n<p>Der Mitgliederbeitrag\nbetr\u00e4gt CHF 40.- \/ 60.-&nbsp; .<\/p>\n\n\n\n<p>Das Lokal kann mit oder ohne Catering gemietet werden und eignet sich f\u00fcr Feierlichkeiten bis ca 28 Personen. <\/p>\n\n\n\n<p>Vereinsvorstand: <\/p>\n\n\n\n<p><strong>Urs Weber:<\/strong>&nbsp;Pr\u00e4sident, Planung, Booking<br><strong>Jean Pierre H\u00e4mmerli:<\/strong> Finanzen<br><strong>Ardian Sadiki:<\/strong> Aktuar<\/p>\n\n\n\n<p><strong>Kontakt:<\/strong><br>Urs Weber<br>079 284 61 62<br>info@tradinoi.ch<\/p>\n\n\n\n<p><strong>Bankverbindung:<\/strong><\/p>\n\n\n\n<p>CH06 0076 1506 0453 0200 1<br>Verein Tradinoi<br>Scheunengasse5<br>5507Mellingen<\/p>\n\n\n\n<div class=\"wpforms-container wpforms-container-full\" id=\"wpforms-23\"><form id=\"wpforms-form-23\" class=\"wpforms-validate wpforms-form\" data-formid=\"23\" method=\"post\" enctype=\"multipart\/form-data\" action=\"\/index.php?rest_route=%2Fwp%2Fv2%2Fpages%2F40\" data-token=\"de3b67668d7270a93868b196622eebcc\" data-token-time=\"1776295865\"><noscript class=\"wpforms-error-noscript\">Bitte aktiviere JavaScript in deinem Browser, um dieses Formular fertigzustellen.<\/noscript><div class=\"wpforms-field-container\"><div id=\"wpforms-23-field_4-container\" class=\"wpforms-field wpforms-field-checkbox\" data-field-id=\"4\"><label class=\"wpforms-field-label\">Ausw\u00e4hlen <span class=\"wpforms-required-label\">*<\/span><\/label><ul id=\"wpforms-23-field_4\" class=\"wpforms-field-required\"><li class=\"choice-1 depth-1\"><input type=\"checkbox\" id=\"wpforms-23-field_4_1\" name=\"wpforms[fields][4][]\" value=\"Newsletter abonnieren\" required ><label class=\"wpforms-field-label-inline\" for=\"wpforms-23-field_4_1\">Newsletter abonnieren<\/label><\/li><li class=\"choice-2 depth-1\"><input type=\"checkbox\" id=\"wpforms-23-field_4_2\" name=\"wpforms[fields][4][]\" value=\"Mitglied werden\" required ><label class=\"wpforms-field-label-inline\" for=\"wpforms-23-field_4_2\">Mitglied werden<\/label><\/li><\/ul><\/div><div id=\"wpforms-23-field_0-container\" class=\"wpforms-field wpforms-field-name\" data-field-id=\"0\"><label class=\"wpforms-field-label\" for=\"wpforms-23-field_0\">Name <span class=\"wpforms-required-label\">*<\/span><\/label><input type=\"text\" id=\"wpforms-23-field_0\" class=\"wpforms-field-medium wpforms-field-required\" name=\"wpforms[fields][0]\" required><\/div><div id=\"wpforms-23-field_1-container\" class=\"wpforms-field wpforms-field-email\" data-field-id=\"1\"><label class=\"wpforms-field-label\" for=\"wpforms-23-field_1\">Email <span class=\"wpforms-required-label\">*<\/span><\/label><input type=\"email\" id=\"wpforms-23-field_1\" class=\"wpforms-field-medium wpforms-field-required\" name=\"wpforms[fields][1]\" spellcheck=\"false\" required><\/div><div id=\"wpforms-23-field_2-container\" class=\"wpforms-field wpforms-field-textarea\" data-field-id=\"2\"><label class=\"wpforms-field-label\" for=\"wpforms-23-field_2\">Kommentar<\/label><textarea id=\"wpforms-23-field_2\" class=\"wpforms-field-medium\" name=\"wpforms[fields][2]\" ><\/textarea><\/div><\/div><!-- .wpforms-field-container --><div class=\"wpforms-field wpforms-field-hp\"><label for=\"wpforms-23-field-hp\" class=\"wpforms-field-label\">Website<\/label><input type=\"text\" name=\"wpforms[hp]\" id=\"wpforms-23-field-hp\" class=\"wpforms-field-medium\"><\/div><div class=\"wpforms-recaptcha-container wpforms-is-recaptcha wpforms-is-recaptcha-type-v3\" ><input type=\"hidden\" name=\"wpforms[recaptcha]\" value=\"\"><\/div><div class=\"wpforms-submit-container\" ><input type=\"hidden\" name=\"wpforms[id]\" value=\"23\"><input type=\"hidden\" name=\"page_title\" value=\"\"><input type=\"hidden\" name=\"page_url\" value=\"https:\/\/www.tradinoi.ch\/index.php?rest_route=\/wp\/v2\/pages\/40\"><input type=\"hidden\" name=\"url_referer\" value=\"\"><button type=\"submit\" name=\"wpforms[submit]\" id=\"wpforms-submit-23\" class=\"wpforms-submit\" data-alt-text=\"Wird gesendet\" data-submit-text=\"Abschicken\" aria-live=\"assertive\" value=\"wpforms-submit\">Abschicken<\/button><\/div><\/form><\/div>  <!-- .wpforms-container -->\n","protected":false},"excerpt":{"rendered":"<p>\u00dcber das Tradinoi Im Fr\u00fchjahr 2013 wurde der Gewerberaum an der Scheunengasse 5 von Urs Weber, dem Mieter der obersten Wohnung, \u00fcbernommen. Er richtete darin ein Kulturlokal ein und gr\u00fcndete mit ein paar Freunden den Kulturverein Tradinoi mit dem Ziel, das kulturelle Leben im St\u00e4dtchen zu beleben und zu erg\u00e4nzen. [&hellip;]<\/p>\n","protected":false},"author":1,"featured_media":0,"parent":0,"menu_order":3,"comment_status":"closed","ping_status":"closed","template":"","meta":{"footnotes":""},"class_list":["post-40","page","type-page","status-publish","hentry"],"_links":{"self":[{"href":"https:\/\/www.tradinoi.ch\/index.php?rest_route=\/wp\/v2\/pages\/40","targetHints":{"allow":["GET"]}}],"collection":[{"href":"https:\/\/www.tradinoi.ch\/index.php?rest_route=\/wp\/v2\/pages"}],"about":[{"href":"https:\/\/www.tradinoi.ch\/index.php?rest_route=\/wp\/v2\/types\/page"}],"author":[{"embeddable":true,"href":"https:\/\/www.tradinoi.ch\/index.php?rest_route=\/wp\/v2\/users\/1"}],"replies":[{"embeddable":true,"href":"https:\/\/www.tradinoi.ch\/index.php?rest_route=%2Fwp%2Fv2%2Fcomments&post=40"}],"version-history":[{"count":11,"href":"https:\/\/www.tradinoi.ch\/index.php?rest_route=\/wp\/v2\/pages\/40\/revisions"}],"predecessor-version":[{"id":492,"href":"https:\/\/www.tradinoi.ch\/index.php?rest_route=\/wp\/v2\/pages\/40\/revisions\/492"}],"wp:attachment":[{"href":"https:\/\/www.tradinoi.ch\/index.php?rest_route=%2Fwp%2Fv2%2Fmedia&parent=40"}],"curies":[{"name":"wp","href":"https:\/\/api.w.org\/{rel}","templated":true}]}}