{"id":121,"date":"2019-02-04T21:29:47","date_gmt":"2019-02-04T20:29:47","guid":{"rendered":"http:\/\/tradinoi.ch\/?page_id=121"},"modified":"2019-02-04T21:30:37","modified_gmt":"2019-02-04T20:30:37","slug":"statuten","status":"publish","type":"page","link":"https:\/\/www.tradinoi.ch\/?page_id=121","title":{"rendered":"Statuten"},"content":{"rendered":"\n<h1 class=\"wp-block-heading\">Statuten des Vereins &#8222;Tradinoi&#8220;<\/h1>\n\n\n\n<h2 class=\"wp-block-heading\">1. Allgemeine Bestimmungen<\/h2>\n\n\n\n<h3 class=\"wp-block-heading\">Art.1 Name<\/h3>\n\n\n\n<p>Unter dem Namen &#8222;Tradinoi&#8220; besteht ein politisch und konfessionell neutraler Verein im Sinne von Art. 60 ff ZGB.<\/p>\n\n\n\n<h3 class=\"wp-block-heading\">Art.2 Zweck<\/h3>\n\n\n\n<p>Der Verein bezweckt die F\u00f6rderung des s\u00fcdl\u00e4ndischen kulturellen Lebens in der Region, vor allem in den Bereichen Kulinarik, Musik und Literatur.<\/p>\n\n\n\n<h3 class=\"wp-block-heading\">Art.3 Finanzierung und Haftung<\/h3>\n\n\n\n<p>Die finanziellen Quellen des Vereins sind:<br>a.\tMitgliederbeitr\u00e4ge<br>b.\tErtr\u00e4ge aus der Vereinst\u00e4tigkeit<br>c.\tSpenden&nbsp;<\/p>\n\n\n\n<p>F\u00fcr die Verbindlichkeiten des Vereins haftet ausschliesslich das Vereinsverm\u00f6gen. Eine pers\u00f6nliche Haftung der Mitglieder f\u00fcr Verbindlichkeiten des Vereins ist ausgeschlossen.<\/p>\n\n\n\n<h2 class=\"wp-block-heading\">2. Organisation<\/h2>\n\n\n\n<h3 class=\"wp-block-heading\">Art.4 Vereinsorgane<\/h3>\n\n\n\n<p>Die Organe des Vereins sind:<br>a.\tGeneralversammlung<br>b.\tVorstand<br>c.\tKontrollstelle<br><\/p>\n\n\n\n<h3 class=\"wp-block-heading\">Art.5 Generalversammlung<\/h3>\n\n\n\n<p>Die Generalversammlung ist das oberste Organ des Vereins. Sie wird 3 Wochen vor dem Termin vom Vorstand einberufen. Die ordentliche Generalversamm-lung findet im ersten Quartal des Kalenderjahres statt.<br>Die Traktandenliste wird mit der Einladung versandt.<br>Eine ausserordentliche Generalversammlung kann jederzeit von einem F\u00fcnftel der Mitglieder und vom Vorstand unter Angabe der Traktanden einberufen werden.<br><\/p>\n\n\n\n<h3 class=\"wp-block-heading\">Art.6 Zust\u00e4ndigkeit<\/h3>\n\n\n\n<p>Die Generalversammlung hat folgende Befugnisse:<br>a.\tWahl und Entlastung des Vorstandes, des Pr\u00e4sidenten \/ der Pr\u00e4sidentin und der Kontrollstelle<br>b.\tGenehmigung der Jahresrechnung und der Jahresberichte&nbsp;<br>c.\tFestlegung der Mitgliederbeitr\u00e4ge<br>d.\t\u00c4nderung der Statuten<br>e.\tAufl\u00f6sung des Vereins<br>f.\tBeschlussfassung \u00fcber alle weiteren Gesch\u00e4fte, die ihr von Gesetzes wegen vorbehalten sind und vom Vorstand oder von den Mitgliedern vorgelegt werden. Antr\u00e4ge von den Mitgliedern an die Vereinsversammlung sind dem Vorstand mindestens dreissig Tage vor der Versammlung schriftlich einzureichen.<br><\/p>\n\n\n\n<h3 class=\"wp-block-heading\">Art.7 Wahlen und Beschl\u00fcsse<\/h3>\n\n\n\n<p>Beschl\u00fcsse werden mit der Mehrheit der anwesenden Stimmberechtigten gefasst. Zweidrittelmehrheit der anwesenden Stimmberechtigten ist notwendig f\u00fcr Statuten\u00e4nderungen und die Aufl\u00f6sung des Vereins. Die Amtsdauer aller Organe betr\u00e4gt ein Jahr. Wiederw\u00e4hlbarkeit ist m\u00f6glich<br><\/p>\n\n\n\n<h3 class=\"wp-block-heading\">Art.8 Vorstand<\/h3>\n\n\n\n<p>Der Vorstand besteht aus mindestens drei Mitgliedern, die von der Generalver-sammlung gew\u00e4hlt werden. Er konstituiert sich mit Ausnahme des Pr\u00e4sidenten \/ der Pr\u00e4sidentin selbst. W\u00e4hrend der Amtszeit ausscheidende Mitglieder kann der Vorstand selbst ersetzen. Ebenso kann er weitere zuw\u00e4hlen. Solche Wahlen sind der n\u00e4chsten Generalversammlung zur Best\u00e4tigung vorzulegen.&nbsp;<br><\/p>\n\n\n\n<h3 class=\"wp-block-heading\">Art.9 Zust\u00e4ndigkeit<\/h3>\n\n\n\n<p>Der Vorstand hat folgende Aufgaben:<br>a. Der Vorstand ist zust\u00e4ndig f\u00fcr die Gestaltung und Durchf\u00fchrung des<br>Programms und f\u00fcr die administrativen und finanziellen Belange des&nbsp;<br>Vereins<br>b. Vollzug der Vereinsbeschl\u00fcsse im Rahmen der Statuten<br>c. Vertretung des Vereins gegen\u00fcber der \u00d6ffentlichkeit<br>d. Einberufung der Generalversammlung<br><\/p>\n\n\n\n<h3 class=\"wp-block-heading\">Art.10 Beschlussfassung<\/h3>\n\n\n\n<p>Zur Beschlussfassung ist die Anwesenheit von mehr als der H\u00e4lfte der Vorstandsmitglieder erforderlich. Es entscheidet das einfache Mehr der anwesenden Vorstandsmitglieder. Bei Stimmgleichheit steht dem Pr\u00e4sidenten \/ der Pr\u00e4sidentin der Stichentscheid zu.&nbsp;<br><\/p>\n\n\n\n<h3 class=\"wp-block-heading\">Art.11 Kontrollstelle<\/h3>\n\n\n\n<p>Die Kontrollstelle besteht aus zwei nat\u00fcrlichen Personen, die von der Generalversammlung j\u00e4hrlich gew\u00e4hlt werden.&nbsp;<br>Die Kontrollstelle pr\u00fcft Inventar, Rechnung, Buchf\u00fchrung, Belege und Kassastand und erstattet \u00fcber die Jahresrechnung und die Ergebnisse ihrer Revisionst\u00e4tigkeit Bericht. Sie stellt den Antrag an die Generalversammlung.<br><\/p>\n\n\n\n<h2 class=\"wp-block-heading\">3. Mitgliedschaft<\/h2>\n\n\n\n<h3 class=\"wp-block-heading\">Art.12 Mitglied<\/h3>\n\n\n\n<p>Mitglied des Vereins k\u00f6nnen nat\u00fcrliche und juristische Personen, sowie Organisationen jeder Art des privaten und \u00f6ffentlichen Rechts werden.&nbsp;<br><\/p>\n\n\n\n<h3 class=\"wp-block-heading\">Art.13 Mitgliederbeitrag<\/h3>\n\n\n\n<p>Die Mitgliederbeitr\u00e4ge werden j\u00e4hrlich f\u00fcr ein Kalenderjahr von der Generalversammlung festgelegt.&nbsp;<br><\/p>\n\n\n\n<h3 class=\"wp-block-heading\">Art.14 Eintritt<\/h3>\n\n\n\n<p>Der Eintritt in den Verein erfolgt durch Einzahlung des Mitgliederbeitrages. Mit dem Eintritt anerkennt das Mitglied die Bestimmungen dieser Statuten.&nbsp;<br><\/p>\n\n\n\n<h3 class=\"wp-block-heading\">Art.15 Austritt<\/h3>\n\n\n\n<p>Die Mitgliedschaft erlischt durch Austritt, Nichtbezahlung des Mitgliederbeitrages, Ausschluss oder Aufl\u00f6sung des Vereins.&nbsp;<br><\/p>\n\n\n\n<h3 class=\"wp-block-heading\">Art.16 Ausschluss<\/h3>\n\n\n\n<p>\u00dcber den Ausschluss von Mitgliedern kann der Vorstand ohne Angabe der Gr\u00fcnde nach vorg\u00e4ngiger Anh\u00f6rung entscheiden.&nbsp;<br><\/p>\n\n\n\n<h2 class=\"wp-block-heading\">4. Aufl\u00f6sung des Vereins<\/h2>\n\n\n\n<h3 class=\"wp-block-heading\">Art.17<\/h3>\n\n\n\n<p>Nach der Beschlussfassung durch die Generalversammlung f\u00fchrt der Vorstand, falls die Generalversammlung nicht besondere Liquidatoren beauftragt, die Aufl\u00f6sung durch.&nbsp;<br>Die Kompetenzen der Generalversammlung bleiben auch w\u00e4hrend der Aufl\u00f6sung in vollem Umfang in Kraft. \u00dcber die Verwendung eines allf\u00e4lligen Vereinsverm\u00f6gens entscheidet die Generalversammlung auf Vorschlag des Vorstandes.&nbsp;<br><\/p>\n\n\n\n<h2 class=\"wp-block-heading\">5. Schlussbestimmungen<\/h2>\n\n\n\n<h3 class=\"wp-block-heading\">Art.18 Inkrafttreten<\/h3>\n\n\n\n<p>Diese Statuten treten mit Annahme durch die Gr\u00fcnderversammlung&nbsp;<br>vom 15.09.2013 in Kraft&nbsp;<\/p>\n\n\n\n<p>Der Pr\u00e4sident: Urs Weber\u00a0<br>Der Aktuar: Ardian Sadiki <\/p>\n","protected":false},"excerpt":{"rendered":"<p>Statuten des Vereins &#8222;Tradinoi&#8220; 1. Allgemeine Bestimmungen Art.1 Name Unter dem Namen &#8222;Tradinoi&#8220; besteht ein politisch und konfessionell neutraler Verein im Sinne von Art. 60 ff ZGB. Art.2 Zweck Der Verein bezweckt die F\u00f6rderung des s\u00fcdl\u00e4ndischen kulturellen Lebens in der Region, vor allem in den Bereichen Kulinarik, Musik und Literatur. [&hellip;]<\/p>\n","protected":false},"author":1,"featured_media":0,"parent":0,"menu_order":0,"comment_status":"closed","ping_status":"closed","template":"","meta":{"footnotes":""},"class_list":["post-121","page","type-page","status-publish","hentry"],"_links":{"self":[{"href":"https:\/\/www.tradinoi.ch\/index.php?rest_route=\/wp\/v2\/pages\/121","targetHints":{"allow":["GET"]}}],"collection":[{"href":"https:\/\/www.tradinoi.ch\/index.php?rest_route=\/wp\/v2\/pages"}],"about":[{"href":"https:\/\/www.tradinoi.ch\/index.php?rest_route=\/wp\/v2\/types\/page"}],"author":[{"embeddable":true,"href":"https:\/\/www.tradinoi.ch\/index.php?rest_route=\/wp\/v2\/users\/1"}],"replies":[{"embeddable":true,"href":"https:\/\/www.tradinoi.ch\/index.php?rest_route=%2Fwp%2Fv2%2Fcomments&post=121"}],"version-history":[{"count":2,"href":"https:\/\/www.tradinoi.ch\/index.php?rest_route=\/wp\/v2\/pages\/121\/revisions"}],"predecessor-version":[{"id":124,"href":"https:\/\/www.tradinoi.ch\/index.php?rest_route=\/wp\/v2\/pages\/121\/revisions\/124"}],"wp:attachment":[{"href":"https:\/\/www.tradinoi.ch\/index.php?rest_route=%2Fwp%2Fv2%2Fmedia&parent=121"}],"curies":[{"name":"wp","href":"https:\/\/api.w.org\/{rel}","templated":true}]}}